{"id":1525,"date":"2025-12-10T11:28:17","date_gmt":"2025-12-10T14:28:17","guid":{"rendered":"https:\/\/mindfulnessycompasion.com.ar\/?page_id=1525"},"modified":"2025-12-20T15:11:20","modified_gmt":"2025-12-20T18:11:20","slug":"sobre-mi","status":"publish","type":"page","link":"https:\/\/mindfulnessycompasion.com.ar\/en\/sobre-mi\/","title":{"rendered":"Sobre mi"},"content":{"rendered":"<div data-elementor-type=\"wp-page\" data-elementor-id=\"1525\" class=\"elementor elementor-1525\">\n\t\t\t\t<div class=\"elementor-element elementor-element-ffd3e06 e-flex e-con-boxed e-con e-parent\" data-id=\"ffd3e06\" data-element_type=\"container\" data-e-type=\"container\">\n\t\t\t\t\t<div class=\"e-con-inner\">\n\t\t\t\t<div class=\"elementor-element elementor-element-8202bd1 elementor-position-left elementor-vertical-align-top elementor-widget elementor-widget-image-box\" data-id=\"8202bd1\" data-element_type=\"widget\" data-e-type=\"widget\" id=\"sobremi-page-title\" data-widget_type=\"image-box.default\">\n\t\t\t\t\t<div class=\"elementor-image-box-wrapper\"><figure class=\"elementor-image-box-img\"><img fetchpriority=\"high\" decoding=\"async\" width=\"1343\" height=\"2048\" src=\"https:\/\/mindfulnessycompasion.com.ar\/wp-content\/uploads\/2025\/12\/Compartido-desde-Lightroom-mobile28.jpg\" class=\"attachment-full size-full wp-image-1535\" alt=\"\" srcset=\"https:\/\/mindfulnessycompasion.com.ar\/wp-content\/uploads\/2025\/12\/Compartido-desde-Lightroom-mobile28.jpg 1343w, https:\/\/mindfulnessycompasion.com.ar\/wp-content\/uploads\/2025\/12\/Compartido-desde-Lightroom-mobile28-197x300.jpg 197w, https:\/\/mindfulnessycompasion.com.ar\/wp-content\/uploads\/2025\/12\/Compartido-desde-Lightroom-mobile28-672x1024.jpg 672w, https:\/\/mindfulnessycompasion.com.ar\/wp-content\/uploads\/2025\/12\/Compartido-desde-Lightroom-mobile28-768x1171.jpg 768w, https:\/\/mindfulnessycompasion.com.ar\/wp-content\/uploads\/2025\/12\/Compartido-desde-Lightroom-mobile28-66x100.jpg 66w, https:\/\/mindfulnessycompasion.com.ar\/wp-content\/uploads\/2025\/12\/Compartido-desde-Lightroom-mobile28-1007x1536.jpg 1007w, https:\/\/mindfulnessycompasion.com.ar\/wp-content\/uploads\/2025\/12\/Compartido-desde-Lightroom-mobile28-8x12.jpg 8w, https:\/\/mindfulnessycompasion.com.ar\/wp-content\/uploads\/2025\/12\/Compartido-desde-Lightroom-mobile28-600x915.jpg 600w\" sizes=\"(max-width: 1343px) 100vw, 1343px\" \/><\/figure><div class=\"elementor-image-box-content\"><h3 class=\"elementor-image-box-title\"><span style=\"font-size: 16px;font-style: normal;font-weight: 400\">Hola, soy Cari Baril\u00e1 <\/span><\/h3><p class=\"elementor-image-box-description\"><p>Psic\u00f3loga cl\u00ednica, mam\u00e1, co-autora y gu\u00eda en procesos de cambio profundo.<\/p> <p>Pero, sobre todo, soy una mujer que aprendi\u00f3 a salir del ciclo de exigencia, ansiedad y autocr\u00edtica \u2014y eligi\u00f3 un camino m\u00e1s amable, consciente y real.<\/p> <p>Hoy acompa\u00f1o a quienes tambi\u00e9n quieren dejar el piloto autom\u00e1tico, reconectar con lo que de verdad importa y construir una vida con m\u00e1s equilibrio y cuidado propio.<\/p> <p>Mi misi\u00f3n es facilitar procesos que ayuden a soltar la exigencia constante y el perfeccionismo, para abrir paso a una forma de vivir m\u00e1s presente, compasiva y con sentido.<\/p> <p>Creo profundamente en el potencial humano y en la capacidad de florecer cuando se cuenta con el contexto, el sost\u00e9n y las herramientas adecuadas.<\/p> <p>Por eso dise\u00f1o espacios donde esa transformaci\u00f3n pueda desplegarse paso a paso, con claridad, amabilidad y pr\u00e1cticas sostenibles.<\/p>\n<\/p><\/div><\/div>\t\t\t\t<\/div>\n\t\t\t\t\t<\/div>\n\t\t\t\t<\/div>\n\t\t<div class=\"elementor-element elementor-element-4e1cc83 e-flex e-con-boxed e-con e-parent\" data-id=\"4e1cc83\" data-element_type=\"container\" data-e-type=\"container\">\n\t\t\t\t\t<div class=\"e-con-inner\">\n\t\t\t\t<div class=\"elementor-element elementor-element-39c2c0d elementor-position-right elementor-vertical-align-top elementor-widget elementor-widget-image-box\" data-id=\"39c2c0d\" data-element_type=\"widget\" data-e-type=\"widget\" data-widget_type=\"image-box.default\">\n\t\t\t\t\t<div class=\"elementor-image-box-wrapper\"><figure class=\"elementor-image-box-img\"><img decoding=\"async\" width=\"600\" height=\"600\" src=\"https:\/\/mindfulnessycompasion.com.ar\/wp-content\/uploads\/2025\/12\/humanidad-compartida-600x600.jpg\" class=\"attachment-ocean-thumb-m size-ocean-thumb-m wp-image-1576\" alt=\"\" srcset=\"https:\/\/mindfulnessycompasion.com.ar\/wp-content\/uploads\/2025\/12\/humanidad-compartida-600x600.jpg 600w, https:\/\/mindfulnessycompasion.com.ar\/wp-content\/uploads\/2025\/12\/humanidad-compartida-150x150.jpg 150w, https:\/\/mindfulnessycompasion.com.ar\/wp-content\/uploads\/2025\/12\/humanidad-compartida-300x300.jpg 300w, https:\/\/mindfulnessycompasion.com.ar\/wp-content\/uploads\/2025\/12\/humanidad-compartida-100x100.jpg 100w\" sizes=\"(max-width: 600px) 100vw, 600px\" \/><\/figure><div class=\"elementor-image-box-content\"><h3 class=\"elementor-image-box-title\">Este camino tambi\u00e9n lo recorr\u00ed yo<\/h3><p class=\"elementor-image-box-description\"><div style=\"font-family: 'Nunito Sans', sans-serif;font-size: 16px;color: #333;line-height: 1.7\">\n\n\n\n  <p>Durante a\u00f1os viv\u00ed entre la autoexigencia, el hacer constante y la desconexi\u00f3n conmigo misma.<br>\n  No era falta de informaci\u00f3n; era falta de sost\u00e9n.<\/p>\n\n  <p>Hasta que comprend\u00ed que el verdadero cambio empieza cuando aprendemos a tratarnos con la misma ternura que damos a quienes amamos.<\/p>\n\n  <p>Desde ese lugar naci\u00f3 este espacio: para acompa\u00f1arte a reconectar con lo que te importa, con herramientas reales y pr\u00e1cticas sostenibles.<\/p>\n\n<\/div>\n<\/p><\/div><\/div>\t\t\t\t<\/div>\n\t\t\t\t\t<\/div>\n\t\t\t\t<\/div>\n\t\t<div class=\"elementor-element elementor-element-3737443 e-flex e-con-boxed e-con e-parent\" data-id=\"3737443\" data-element_type=\"container\" data-e-type=\"container\">\n\t\t\t\t\t<div class=\"e-con-inner\">\n\t\t\t\t\t<\/div>\n\t\t\t\t<\/div>\n\t\t<div class=\"elementor-element elementor-element-6286440 e-flex e-con-boxed e-con e-parent\" data-id=\"6286440\" data-element_type=\"container\" data-e-type=\"container\">\n\t\t\t\t\t<div class=\"e-con-inner\">\n\t\t<div class=\"elementor-element elementor-element-00aff1e e-con-full e-flex e-con e-child\" data-id=\"00aff1e\" data-element_type=\"container\" data-e-type=\"container\">\n\t\t\t\t<div class=\"elementor-element elementor-element-ab7eb39 elementor-widget elementor-widget-text-editor\" data-id=\"ab7eb39\" data-element_type=\"widget\" data-e-type=\"widget\" data-widget_type=\"text-editor.default\">\n\t\t\t\t\t\t\t\t\t<div style=\"font-family: 'Nunito Sans', sans-serif; font-size: 16px; color: #333; line-height: 1.7; margin-top: 30px;\">\n<h3 style=\"font-size: 20px; font-weight: bold; color: #0a4e76;\">\u00bfC\u00f3mo te acompa\u00f1o?<\/h3>\n<ul style=\"list-style: none; padding-left: 0;\">\n \t<li style=\"margin-bottom: 24px;\">\ud83d\udfe2 <strong>Comunidad Compasiva:<\/strong> un refugio donde sostener tu autocuidado en la vida real.\nPracticamos juntas a trav\u00e9s de clases, meditaciones, encuentros y cuadernos que invitan a volver a vos, sin culpa.<\/li>\n \t<li style=\"margin-bottom: 24px;\">\ud83d\udfe2 <strong>Programas grupales:<\/strong> espacios \u00edntimos y transformadores para trabajar juntas durante semanas.\nIncluyen seguimiento cercano, procesos profundos y comunidad que sostiene.<\/li>\n \t<li>\ud83d\udfe2 <strong>Acompa\u00f1amiento individual:<\/strong> para momentos que necesitan m\u00e1s profundidad o intimidad.\nUna forma de transitar tu proceso con presencia, cuidado y escucha profesional.<\/li>\n<\/ul>\n<p>\n  \ud83d\udcac Soy <strong>autora del libro <a href=\"https:\/\/mindfulnessycompasion.com.ar\/en\/libros\/crianza-consciente\/\" target=\"_blank\" style=\"color: #0a4e76; text-decoration: underline;\">\u201cCrianza Consciente\u201d<\/a><\/strong>, y coautora de varios cap\u00edtulos sobre bienestar, salud mental y autocuidado.<br>\n  Tambi\u00e9n creo materiales, gu\u00edas y cuadernos de trabajo que acompa\u00f1an cada proceso.<br>\n  Escribo para ayudarte a traducir la teor\u00eda en experiencias vivas, sentidas y sostenibles.\n<\/p>\n\n<\/div>\t\t\t\t\t\t\t\t<\/div>\n\t\t\t\t<\/div>\n\t\t<div class=\"elementor-element elementor-element-342e7cc e-con-full e-flex e-con e-child\" data-id=\"342e7cc\" data-element_type=\"container\" data-e-type=\"container\">\n\t\t\t\t<div class=\"elementor-element elementor-element-50e7e26 elementor-widget elementor-widget-image\" data-id=\"50e7e26\" data-element_type=\"widget\" data-e-type=\"widget\" data-widget_type=\"image.default\">\n\t\t\t\t\t\t\t\t\t\t\t\t\t\t\t<img decoding=\"async\" src=\"https:\/\/mindfulnessycompasion.com.ar\/wp-content\/plugins\/elementor\/assets\/images\/placeholder.png\" title=\"\" alt=\"\" loading=\"lazy\" \/>\t\t\t\t\t\t\t\t\t\t\t\t\t\t\t<\/div>\n\t\t\t\t<\/div>\n\t\t\t\t\t<\/div>\n\t\t\t\t<\/div>\n\t\t<div class=\"elementor-element elementor-element-3a43e12 e-flex e-con-boxed e-con e-parent\" data-id=\"3a43e12\" data-element_type=\"container\" data-e-type=\"container\">\n\t\t\t\t\t<div class=\"e-con-inner\">\n\t\t\t\t\t<\/div>\n\t\t\t\t<\/div>\n\t\t<div class=\"elementor-element elementor-element-c04809f e-flex e-con-boxed e-con e-parent\" data-id=\"c04809f\" data-element_type=\"container\" data-e-type=\"container\">\n\t\t\t\t\t<div class=\"e-con-inner\">\n\t\t\t\t\t<\/div>\n\t\t\t\t<\/div>\n\t\t<div class=\"elementor-element elementor-element-c4c8dcc e-flex e-con-boxed e-con e-parent\" data-id=\"c4c8dcc\" data-element_type=\"container\" data-e-type=\"container\">\n\t\t\t\t\t<div class=\"e-con-inner\">\n\t\t\t\t<div class=\"elementor-element elementor-element-267cc0f elementor-widget elementor-widget-html\" data-id=\"267cc0f\" data-element_type=\"widget\" data-e-type=\"widget\" data-widget_type=\"html.default\">\n\t\t\t\t\t<section style=\"background-color: #ffffff; padding: 60px 20px; font-family: 'Poppins', sans-serif;\">\r\n  <div style=\"max-width: 1000px; margin: 0 auto; display: flex; flex-wrap: wrap; justify-content: center; gap: 30px;\">\r\n    <div style=\"flex: 1 1 280px; background-color: #e6f5f3; padding: 30px; border-radius: 16px; text-align: center; box-shadow: 0 4px 12px rgba(0,0,0,0.05);\">\r\n      <h2 style=\"font-size: 2rem; color: #107671; margin-bottom: 10px;\">+14<\/h2>\r\n      <p style=\"color: #000; font-size: 1.1rem;\">A\u00f1os de experiencia cl\u00ednica<\/p>\r\n    <\/div>\r\n    <div style=\"flex: 1 1 280px; background-color: #e6f5f3; padding: 30px; border-radius: 16px; text-align: center; box-shadow: 0 4px 12px rgba(0,0,0,0.05);\">\r\n      <h2 style=\"font-size: 2rem; color: #107671; margin-bottom: 10px;\">+1000<\/h2>\r\n      <p style=\"color: #000; font-size: 1.1rem;\">Personas participaron de mis talleres y espacios<\/p>\r\n    <\/div>\r\n    <div style=\"flex: 1 1 280px; background-color: #e6f5f3; padding: 30px; border-radius: 16px; text-align: center; box-shadow: 0 4px 12px rgba(0,0,0,0.05);\">\r\n      <h2 style=\"font-size: 2rem; color: #107671; margin-bottom: 10px;\">+200<\/h2>\r\n      <p style=\"color: #000; font-size: 1.1rem;\">Personas completaron programas intensivos de 8 semanas<\/p>\r\n    <\/div>\r\n  <\/div>\r\n<\/section>\r\n\t\t\t\t<\/div>\n\t\t\t\t<div class=\"elementor-element elementor-element-0208736 elementor-widget elementor-widget-html\" data-id=\"0208736\" data-element_type=\"widget\" data-e-type=\"widget\" data-widget_type=\"html.default\">\n\t\t\t\t\t<!-- BLOQUE CTA: Comunidad WhatsApp -->\r\n<section style=\"background-color: #fdf7f2; padding: 50px 20px; font-family: 'Poppins', sans-serif; text-align: center;\">\r\n  <div style=\"max-width: 800px; margin: 0 auto;\">\r\n    <h2 style=\"color: #107671; font-size: 1.8rem; font-family: 'Inria Serif', serif; margin-bottom: 10px;\">\r\n      \u00bfQuer\u00e9s estar m\u00e1s cerca y recibir contenido exclusivo?\r\n    <\/h2>\r\n    <p style=\"font-size: 1.1rem; color: #000; margin-bottom: 30px;\">\r\n      Sumate a nuestra comunidad de WhatsApp y recib\u00ed recordatorios, herramientas y reflexiones.\r\n    <\/p>\r\n    <a href=\"https:\/\/chat.whatsapp.com\/KEpK9Y0yKh6GSNRbjPq7vu?mode=ac_t\" target=\"_blank\" style=\"background-color: #107671; color: #fff; font-size: 1.1rem; padding: 12px 24px; border-radius: 8px; text-decoration: none; font-weight: 600;\">\r\n      \ud83d\udcac Quiero sumarme al grupo\r\n    <\/a>\r\n  <\/div>\r\n<\/section>\r\n\t\t\t\t<\/div>\n\t\t\t\t<div class=\"elementor-element elementor-element-0a2de86 elementor-widget__width-inherit elementor-widget elementor-widget-html\" data-id=\"0a2de86\" data-element_type=\"widget\" data-e-type=\"widget\" data-widget_type=\"html.default\">\n\t\t\t\t\t<div style=\"font-family: 'Nunito Sans', sans-serif; font-size: 16px; color: #333; line-height: 1.7; margin-top: 40px;\">\r\n\r\n  <p style=\"margin-bottom: 24px;\">\r\n    No est\u00e1s sola\/o. Este puede ser tu momento para acompa\u00f1arte de una forma m\u00e1s amable y consciente.<br>\r\n    Eleg\u00ed el camino que hoy resuene con vos:\r\n  <\/p>\r\n\r\n  <div style=\"margin-bottom: 32px;\">\r\n    <h4 style=\"color: #0a4e76; margin-bottom: 8px;\">\ud83d\udc9a Comunidad Compasiva<\/h4>\r\n    <p style=\"margin-top: 0; margin-bottom: 12px;\">\r\n      Un espacio c\u00e1lido y sostenido para practicar el autocuidado en lo cotidiano, sin culpa y en comunidad.\r\n    <\/p>\r\n    <a href=\"https:\/\/mindfulnessycompasion.com.ar\/en\/comunidad-compasiva\/\" target=\"_blank\" style=\"display: inline-block; background-color: #0a4e76; color: #fff; text-decoration: none; padding: 12px 24px; border-radius: 6px;\">\r\n      Conocer Comunidad Compasiva\r\n    <\/a>\r\n  <\/div>\r\n\r\n  <div>\r\n    <h4 style=\"color: #007a6b; margin-bottom: 8px;\">\ud83c\udf3f Programa Mindfulness y Autocompasi\u00f3n (MSC)<\/h4>\r\n    <p style=\"margin-top: 0; margin-bottom: 12px;\">\r\n      Un recorrido profundo e intensivo para transformar tu relaci\u00f3n con vos misma y cultivar una mirada m\u00e1s compasiva.\r\n    <\/p>\r\n    <a href=\"https:\/\/mindfulnessycompasion.com.ar\/en\/mindfulness-y-autocompasion-msc\/\" target=\"_blank\" style=\"display: inline-block; background-color: #007a6b; color: #fff; text-decoration: none; padding: 12px 24px; border-radius: 6px;\">\r\n      Conocer el Programa MSC\r\n    <\/a>\r\n  <\/div>\r\n\r\n<\/div>\r\n\t\t\t\t<\/div>\n\t\t\t\t<div class=\"elementor-element elementor-element-bb26bee elementor-widget elementor-widget-html\" data-id=\"bb26bee\" data-element_type=\"widget\" data-e-type=\"widget\" data-widget_type=\"html.default\">\n\t\t\t\t\t<!-- BLOQUE CTA PROCESOS INDIVIDUALES -->\r\n<section style=\"background-color: #f1fdfc; padding: 60px 20px; font-family: 'Poppins', sans-serif; text-align: center;\">\r\n  <h2 style=\"color: #107671; font-size: 1.8rem; margin-bottom: 20px;\">\r\n    \u00bfSent\u00eds que el uno a uno puede ser para vos?\r\n  <\/h2>\r\n  <p style=\"font-size: 1.1rem; color: #000; max-width: 700px; margin: 0 auto 30px;\">\r\n    Si est\u00e1s atravesando un momento en el que necesit\u00e1s acompa\u00f1amiento m\u00e1s personalizado, pod\u00e9s completar este breve formulario y me pondr\u00e9 en contacto con vos para evaluar si el espacio terap\u00e9utico es adecuado a tu proceso.\r\n  <\/p>\r\n  <a href=\"https:\/\/forms.gle\/QWLuyWMzxGNPc9fEA\" target=\"_blank\" style=\"display: inline-block; background-color: #107671; color: #fff; font-size: 1.1rem; padding: 12px 24px; border-radius: 8px; text-decoration: none;\">\r\n    \u270d\ufe0f Completar formulario\r\n  <\/a>\r\n<\/section>\r\n\t\t\t\t<\/div>\n\t\t\t\t\t<\/div>\n\t\t\t\t<\/div>\n\t\t\t\t<\/div>","protected":false},"excerpt":{"rendered":"<p>Hola, soy Cari Baril\u00e1 Psic\u00f3loga cl\u00ednica, mam\u00e1, co-autora y gu\u00eda en procesos de cambio profundo. Pero, sobre todo, soy una mujer que aprendi\u00f3 a salir del ciclo de exigencia, ansiedad [&hellip;]<\/p>\n","protected":false},"author":3,"featured_media":0,"parent":0,"menu_order":0,"comment_status":"closed","ping_status":"closed","template":"","meta":{"footnotes":""},"class_list":["post-1525","page","type-page","status-publish","hentry","entry","owp-thumbs-layout-horizontal","owp-btn-normal","owp-tabs-layout-horizontal","has-no-thumbnails","has-product-nav"],"_links":{"self":[{"href":"https:\/\/mindfulnessycompasion.com.ar\/en\/wp-json\/wp\/v2\/pages\/1525","targetHints":{"allow":["GET"]}}],"collection":[{"href":"https:\/\/mindfulnessycompasion.com.ar\/en\/wp-json\/wp\/v2\/pages"}],"about":[{"href":"https:\/\/mindfulnessycompasion.com.ar\/en\/wp-json\/wp\/v2\/types\/page"}],"author":[{"embeddable":true,"href":"https:\/\/mindfulnessycompasion.com.ar\/en\/wp-json\/wp\/v2\/users\/3"}],"replies":[{"embeddable":true,"href":"https:\/\/mindfulnessycompasion.com.ar\/en\/wp-json\/wp\/v2\/comments?post=1525"}],"version-history":[{"count":41,"href":"https:\/\/mindfulnessycompasion.com.ar\/en\/wp-json\/wp\/v2\/pages\/1525\/revisions"}],"predecessor-version":[{"id":1890,"href":"https:\/\/mindfulnessycompasion.com.ar\/en\/wp-json\/wp\/v2\/pages\/1525\/revisions\/1890"}],"wp:attachment":[{"href":"https:\/\/mindfulnessycompasion.com.ar\/en\/wp-json\/wp\/v2\/media?parent=1525"}],"curies":[{"name":"wp","href":"https:\/\/api.w.org\/{rel}","templated":true}]}}