{"id":317,"date":"2025-10-21T23:22:53","date_gmt":"2025-10-21T23:22:53","guid":{"rendered":"https:\/\/mindfulnessycompasion.com.ar\/register\/"},"modified":"2025-11-30T16:40:31","modified_gmt":"2025-11-30T19:40:31","slug":"registro","status":"publish","type":"page","link":"https:\/\/mindfulnessycompasion.com.ar\/en\/registro\/","title":{"rendered":"Registro"},"content":{"rendered":"<div class=\"wp-block-columns is-layout-flex wp-container-core-columns-is-layout-9d6595d7 wp-block-columns-is-layout-flex\">\n<div class=\"wp-block-column is-layout-flow wp-block-column-is-layout-flow\" style=\"flex-basis:100%\" id=\"membresia-register\">\n<h2 class=\"wp-block-heading has-text-align-center\">Crea una cuenta para acceder al plan<\/h2>\n\n\n<div class=\"pms-block-container\">\n<form id=\"pms_register-form\" class=\"pms-form  pms-register-form-top-plans\" method=\"POST\" action=\"\">\n\n    \n    <input type=\"hidden\" id=\"pmstkn\" name=\"pmstkn\" value=\"f5076ef052\" \/><input type=\"hidden\" name=\"_wp_http_referer\" value=\"\/en\/wp-json\/wp\/v2\/pages\/317\" \/>\n    <ul class=\"pms-form-fields-wrapper\">\n\n        <li class=\"pms-field pms-field-subscriptions\"><div class=\"pms-subscription-plan pms-subscription-plan-2145\"><label><input type=\"radio\" name=\"subscription_plans\" data-price=\"120000\" data-duration=\"3\" data-fixed_membership=\"\" data-allow_renew=\"\" data-sign_up_fee=\"0\" data-trial=\"0\" data-recurring=\"2\"  value=\"2145\"  checked='checked'data-default-selected=\"true\" \/><span class=\"pms-subscription-plan-name\">Plan Trimestral<\/span><span class=\"pms-subscription-plan-price\"><span class=\"pms-divider\"> &#8211; <\/span><span class=\"pms-subscription-plan-currency\">&#36;<\/span><span class=\"pms-subscription-plan-price-value\">120,000.00<\/span><span class=\"pms-divider pms-duration-divider\"> \/ <\/span><span class=\"pms-subscription-plan-duration\">3 Months<\/span><\/span><span class=\"pms-subscription-plan-trial\"><\/span><span class=\"pms-subscription-plan-sign-up-fee\"><\/span><\/label><div class=\"pms-subscription-plan-description\">Acceso por 3 meses a la membres\u00eda: curso del mes, pr\u00e1ctica central, foro y encuentros en vivo. Incluye 2 cursos base y mucho m\u00e1s. No se renueva automaticamente.<\/div><\/div><div class=\"pms-subscription-plan pms-subscription-plan-1412\"><label><input type=\"radio\" name=\"subscription_plans\" data-price=\"42000\" data-duration=\"1\" data-fixed_membership=\"\" data-allow_renew=\"\" data-sign_up_fee=\"0\" data-trial=\"0\" data-recurring=\"3\"  value=\"1412\" data-default-checked=\"false\" \/><span class=\"pms-subscription-plan-name\">Plan Mensual \u00fanico<\/span><span class=\"pms-subscription-plan-price\"><span class=\"pms-divider\"> &#8211; <\/span><span class=\"pms-subscription-plan-currency\">&#36;<\/span><span class=\"pms-subscription-plan-price-value\">42,000.00<\/span><span class=\"pms-divider pms-duration-divider\"> \/ <\/span><span class=\"pms-subscription-plan-duration\">1 Month<\/span><\/span><span class=\"pms-subscription-plan-trial\"><\/span><span class=\"pms-subscription-plan-sign-up-fee\"><\/span><\/label><div class=\"pms-subscription-plan-description\">Acceso mensual al curso del mes, pr\u00e1ctica central, foro y encuentros en vivo. Incluye 2 cursos base y mucho m\u00e1s. Sin renovaci\u00f3n automatica<\/div><\/div><div class=\"pms-subscription-plan pms-subscription-plan-1055\"><label><input type=\"radio\" name=\"subscription_plans\" data-price=\"10\" data-duration=\"1\" data-fixed_membership=\"\" data-allow_renew=\"\" data-sign_up_fee=\"0\" data-trial=\"0\" data-recurring=\"2\"  value=\"1055\" data-default-checked=\"false\" \/><span class=\"pms-subscription-plan-name\">Plan Test<\/span><span class=\"pms-subscription-plan-price\"><span class=\"pms-divider\"> &#8211; <\/span><span class=\"pms-subscription-plan-currency\">&#36;<\/span><span class=\"pms-subscription-plan-price-value\">10.00<\/span><span class=\"pms-divider pms-duration-divider\"> \/ <\/span><span class=\"pms-subscription-plan-duration\">1 Day<\/span><\/span><span class=\"pms-subscription-plan-trial\"><\/span><span class=\"pms-subscription-plan-sign-up-fee\"><\/span><\/label><div class=\"pms-subscription-plan-description\">Test<\/div><\/div><div class=\"pms-subscription-plan pms-subscription-plan-485\"><label><input type=\"radio\" name=\"subscription_plans\" data-price=\"400000\" data-duration=\"12\" data-fixed_membership=\"\" data-allow_renew=\"\" data-sign_up_fee=\"0\" data-trial=\"0\" data-recurring=\"2\"  value=\"485\" data-default-checked=\"false\" \/><span class=\"pms-subscription-plan-name\">Plan Anual<\/span><span class=\"pms-subscription-plan-price\"><span class=\"pms-divider\"> &#8211; <\/span><span class=\"pms-subscription-plan-currency\">&#36;<\/span><span class=\"pms-subscription-plan-price-value\">400,000.00<\/span><span class=\"pms-divider pms-duration-divider\"> \/ <\/span><span class=\"pms-subscription-plan-duration\">12 Months<\/span><\/span><span class=\"pms-subscription-plan-trial\"><\/span><span class=\"pms-subscription-plan-sign-up-fee\"><\/span><\/label><div class=\"pms-subscription-plan-description\">Acceso por un a\u00f1o a todos los contenidos, con biblioteca hisotorica. curso del mes, pr\u00e1ctica central, foro y encuentros en vivo. Incluye 2 cursos base y mucho m\u00e1s. Ten\u00e9s 10% en cursos y 2 meses bonificados\r\nAbonas 10 meses y profundizas por 1 a\u00f1o completo<\/div><\/div><div class=\"pms-subscription-plan pms-subscription-plan-451\"><label><input type=\"radio\" name=\"subscription_plans\" data-price=\"200000\" data-duration=\"6\" data-fixed_membership=\"\" data-allow_renew=\"\" data-sign_up_fee=\"0\" data-trial=\"0\" data-recurring=\"2\"  value=\"451\" data-default-checked=\"false\" \/><span class=\"pms-subscription-plan-name\">Plan Semestral<\/span><span class=\"pms-subscription-plan-price\"><span class=\"pms-divider\"> &#8211; <\/span><span class=\"pms-subscription-plan-currency\">&#36;<\/span><span class=\"pms-subscription-plan-price-value\">200,000.00<\/span><span class=\"pms-divider pms-duration-divider\"> \/ <\/span><span class=\"pms-subscription-plan-duration\">6 Months<\/span><\/span><span class=\"pms-subscription-plan-trial\"><\/span><span class=\"pms-subscription-plan-sign-up-fee\"><\/span><\/label><div class=\"pms-subscription-plan-description\">Acceso a todos los contenidos por 6 meses, al precio de 5. Incluye 2 cursos base y mucho m\u00e1s. Pod\u00e9s pausar cuando quieras.\r\n<\/div><\/div><div class=\"pms-subscription-plan pms-subscription-plan-374\"><label><input type=\"radio\" name=\"subscription_plans\" data-price=\"27000\" data-duration=\"1\" data-fixed_membership=\"\" data-allow_renew=\"\" data-sign_up_fee=\"0\" data-trial=\"0\" data-recurring=\"2\"  value=\"374\" data-default-checked=\"false\" \/><span class=\"pms-subscription-plan-name\">Plan Mensual<\/span><span class=\"pms-subscription-plan-price\"><span class=\"pms-divider\"> &#8211; <\/span><span class=\"pms-subscription-plan-currency\">&#36;<\/span><span class=\"pms-subscription-plan-price-value\">27,000.00<\/span><span class=\"pms-divider pms-duration-divider\"> \/ <\/span><span class=\"pms-subscription-plan-duration\">1 Month<\/span><\/span><span class=\"pms-subscription-plan-trial\"><\/span><span class=\"pms-subscription-plan-sign-up-fee\"><\/span><\/label><div class=\"pms-subscription-plan-description\">Acceso mensual al curso del mes, pr\u00e1ctica central, foro y encuentros en vivo. Incluye 2 cursos base y mucho m\u00e1s. Pod\u00e9s pausar cuando quieras.<\/div><\/div><input type=\"hidden\" name=\"pms_default_recurring\" value=\"2\" \/><div id=\"pms-paygates-wrapper\"><h3>Select a Payment Method<\/h3><div id=\"pms-paygates-inner\"><label><input type=\"radio\" class=\"pms_pay_gate\" name=\"pay_gate\" value=\"manual\" data-sign_up_fee=\"1\" data-trial=\"1\" data-recurring=\"1\"  \/><span class=\"pms-paygate-name\">Manual \/ Offline<\/span><\/label><label><input type=\"radio\" class=\"pms_pay_gate\" name=\"pay_gate\" value=\"paypal_connect\"  checked='checked'data-sign_up_fee=\"1\" data-trial=\"1\" data-recurring=\"1\"  data-type=\"extra_fields\" \/><span class=\"pms-paygate-name\">PayPal<\/span><\/label><\/div><div id=\"pms-gateways-not-available\"><span>No payment methods are available for the selected subscription plan.<\/span><\/div><\/div><input type=\"hidden\" id=\"pms-process-checkout-nonce\" name=\"pms_process_checkout_nonce\" value=\"190a3d2633\"\/><\/li>\n\n        \n        <ul id=\"pms-paypal-connect\" class=\"pms-field-section pms-paygate-extra-fields pms-paygate-extra-fields-paypal_connect\"><div id=\"pms-paygate-extra-fields-paypal_connect__placeholder\">Before you can accept payments, you need to connect your PayPal account by going to Dashboard -> Paid Member Subscriptions -> Settings -> Payments -> <a href=\"https:\/\/mindfulnessycompasion.com.ar\/wp-admin\/admin.php?page=pms-settings-page&#038;tab=payments&#038;nav_sub_tab=payments_gateways\">Gateways<\/a>.<\/div><\/ul><div class=\"pms-account-section-wrapper\"><h3 class=\"pms-account-details-title\">Account Details<\/h3>\n                <li class=\"pms-field pms-user-login-field\">\n            <label for=\"pms_user_login\">Username *<\/label>\n            <input id=\"pms_user_login\" name=\"user_login\" type=\"text\" value=\"\" \/>\n\n                    <\/li>\n\n                <li class=\"pms-field pms-user-email-field\">\n            <label for=\"pms_user_email\">E-mail *<\/label>\n            <input id=\"pms_user_email\" name=\"user_email\" type=\"text\" value=\"\" \/>\n\n                    <\/li>\n\n                <li class=\"pms-field pms-first-name-field\">\n            <label for=\"pms_first_name\">First Name<\/label>\n            <input id=\"pms_first_name\" name=\"first_name\" type=\"text\" value=\"\" \/>\n\n                    <\/li>\n\n                <li class=\"pms-field pms-last-name-field\">\n            <label for=\"pms_last_name\">Last Name<\/label>\n            <input id=\"pms_last_name\" name=\"last_name\" type=\"text\" value=\"\" \/>\n\n                    <\/li>\n\n                <li class=\"pms-field pms-pass1-field\">\n            <label for=\"pms_pass1\">Password *<\/label>\n            <input id=\"pms_pass1\" name=\"pass1\" type=\"password\" \/>\n\n            \n                    <\/li>\n\n\n\n                <li class=\"pms-field pms-pass2-field\">\n            <label for=\"pms_pass2\">Repeat Password *<\/label>\n            <input id=\"pms_pass2\" name=\"pass2\" type=\"password\" \/>\n\n                    <\/li>\n\n        <\/div>\n        \n        \n    <\/ul>\n\n    <span id=\"pms-submit-button-loading-placeholder-text\" style=\"display: none;\">Processing. Please wait&#8230;<\/span>\n    <input class=\"pms-form-submit\" name=\"pms_register\" type=\"submit\" value=\"Register\" \/>\n\n<input type=\"hidden\" name=\"trp-form-language\" value=\"en\"\/><\/form>\n<\/div><\/div>\n<\/div>","protected":false},"excerpt":{"rendered":"<p>Crea una cuenta para acceder al plan<\/p>","protected":false},"author":1,"featured_media":0,"parent":0,"menu_order":0,"comment_status":"closed","ping_status":"closed","template":"","meta":{"footnotes":""},"class_list":["post-317","page","type-page","status-publish","hentry","entry","owp-thumbs-layout-horizontal","owp-btn-normal","owp-tabs-layout-horizontal","has-no-thumbnails","has-product-nav"],"_links":{"self":[{"href":"https:\/\/mindfulnessycompasion.com.ar\/en\/wp-json\/wp\/v2\/pages\/317","targetHints":{"allow":["GET"]}}],"collection":[{"href":"https:\/\/mindfulnessycompasion.com.ar\/en\/wp-json\/wp\/v2\/pages"}],"about":[{"href":"https:\/\/mindfulnessycompasion.com.ar\/en\/wp-json\/wp\/v2\/types\/page"}],"author":[{"embeddable":true,"href":"https:\/\/mindfulnessycompasion.com.ar\/en\/wp-json\/wp\/v2\/users\/1"}],"replies":[{"embeddable":true,"href":"https:\/\/mindfulnessycompasion.com.ar\/en\/wp-json\/wp\/v2\/comments?post=317"}],"version-history":[{"count":11,"href":"https:\/\/mindfulnessycompasion.com.ar\/en\/wp-json\/wp\/v2\/pages\/317\/revisions"}],"predecessor-version":[{"id":1335,"href":"https:\/\/mindfulnessycompasion.com.ar\/en\/wp-json\/wp\/v2\/pages\/317\/revisions\/1335"}],"wp:attachment":[{"href":"https:\/\/mindfulnessycompasion.com.ar\/en\/wp-json\/wp\/v2\/media?parent=317"}],"curies":[{"name":"wp","href":"https:\/\/api.w.org\/{rel}","templated":true}]}}