{"id":7,"date":"2025-10-12T15:37:30","date_gmt":"2025-10-12T15:37:30","guid":{"rendered":"https:\/\/mindfulnessycompasion.com.ar\/cart\/"},"modified":"2025-11-30T16:20:46","modified_gmt":"2025-11-30T19:20:46","slug":"carrito","status":"publish","type":"page","link":"https:\/\/mindfulnessycompasion.com.ar\/en\/carrito\/","title":{"rendered":"carrito"},"content":{"rendered":"<div data-block-name=\"woocommerce\/cart\" class=\"wp-block-woocommerce-cart alignwide is-loading\">\n<div data-block-name=\"woocommerce\/filled-cart-block\" class=\"wp-block-woocommerce-filled-cart-block\">\n<div data-block-name=\"woocommerce\/cart-items-block\" class=\"wp-block-woocommerce-cart-items-block\">\n<div data-block-name=\"woocommerce\/cart-line-items-block\" class=\"wp-block-woocommerce-cart-line-items-block\"><\/div>\n\n\n<\/div>\n\n\n\n\n<div data-block-name=\"woocommerce\/cart-totals-block\" class=\"wp-block-woocommerce-cart-totals-block\">\n<div data-block-name=\"woocommerce\/cart-order-summary-block\" class=\"wp-block-woocommerce-cart-order-summary-block\">\n<div data-block-name=\"woocommerce\/cart-order-summary-heading-block\" class=\"wp-block-woocommerce-cart-order-summary-heading-block\"><\/div><div data-block-name=\"woocommerce\/cart-order-summary-coupon-form-block\" class=\"wp-block-woocommerce-cart-order-summary-coupon-form-block\"><\/div><div data-block-name=\"woocommerce\/cart-order-summary-totals-block\" class=\"wp-block-woocommerce-cart-order-summary-totals-block\">\n<div data-block-name=\"woocommerce\/cart-order-summary-subtotal-block\" class=\"wp-block-woocommerce-cart-order-summary-subtotal-block\"><\/div>\n<div data-block-name=\"woocommerce\/cart-order-summary-discount-block\" class=\"wp-block-woocommerce-cart-order-summary-discount-block\"><\/div>\n<div data-block-name=\"woocommerce\/cart-order-summary-fee-block\" class=\"wp-block-woocommerce-cart-order-summary-fee-block\"><\/div>\n<div data-block-name=\"woocommerce\/cart-order-summary-shipping-block\" class=\"wp-block-woocommerce-cart-order-summary-shipping-block\"><\/div>\n<div data-block-name=\"woocommerce\/cart-order-summary-taxes-block\" class=\"wp-block-woocommerce-cart-order-summary-taxes-block\"><\/div><\/div>\n<\/div>\n\n\n\n<div data-block-name=\"woocommerce\/cart-express-payment-block\" class=\"wp-block-woocommerce-cart-express-payment-block\"><\/div>\n\n\n\n<div data-block-name=\"woocommerce\/proceed-to-checkout-block\" class=\"wp-block-woocommerce-proceed-to-checkout-block\"><\/div>\n\n\n\n<div data-block-name=\"woocommerce\/cart-accepted-payment-methods-block\" class=\"wp-block-woocommerce-cart-accepted-payment-methods-block\"><\/div>\n<\/div>\n<\/div>\n\n\n\n<div data-block-name=\"woocommerce\/empty-cart-block\" class=\"wp-block-woocommerce-empty-cart-block\">\n<h2 class=\"wp-block-heading has-text-align-center with-empty-cart-icon wc-block-cart__empty-cart__title\">Your cart is currently empty!<\/h2>\n\n\n\n<hr class=\"wp-block-separator has-alpha-channel-opacity is-style-dots\"\/>\n\n\n\n<h2 class=\"wp-block-heading has-text-align-center\">New in store<\/h2>\n\n\n<div data-block-name=\"woocommerce\/product-new\" data-columns=\"4\" data-rows=\"1\" class=\"wc-block-grid wp-block-product-new wp-block-woocommerce-product-new wc-block-product-new has-4-columns\"><ul class=\"wc-block-grid__products\"><li class=\"wc-block-grid__product\">\n\t\t\t\t<a href=\"https:\/\/mindfulnessycompasion.com.ar\/en\/product\/membresia-trimestral\/\" class=\"wc-block-grid__product-link\">\n\t\t\t\t\t\n\t\t\t\t\t<div class=\"wc-block-grid__product-image\"><img fetchpriority=\"high\" decoding=\"async\" width=\"300\" height=\"297\" src=\"https:\/\/mindfulnessycompasion.com.ar\/wp-content\/uploads\/2026\/01\/Plan-trimestral.png\" class=\"attachment-woocommerce_thumbnail size-woocommerce_thumbnail\" alt=\"Membresia trimestral\" srcset=\"https:\/\/mindfulnessycompasion.com.ar\/wp-content\/uploads\/2026\/01\/Plan-trimestral.png 300w, https:\/\/mindfulnessycompasion.com.ar\/wp-content\/uploads\/2026\/01\/Plan-trimestral-150x150.png 150w, https:\/\/mindfulnessycompasion.com.ar\/wp-content\/uploads\/2026\/01\/Plan-trimestral-12x12.png 12w, https:\/\/mindfulnessycompasion.com.ar\/wp-content\/uploads\/2026\/01\/Plan-trimestral-100x100.png 100w\" sizes=\"(max-width: 300px) 100vw, 300px\" \/><\/div>\n\t\t\t\t\t<div class=\"wc-block-grid__product-title\">Membresia trimestral<\/div>\n\t\t\t\t<\/a>\n\t\t\t\t<div class=\"wc-block-grid__product-price price\"><span class=\"woocommerce-Price-amount amount\"><span class=\"woocommerce-Price-currencySymbol\">$<\/span>132.000<\/span><\/div>\n\t\t\t\t\n\t\t\t\t<div class=\"wp-block-button wc-block-grid__product-add-to-cart\"><a href=\"\/en\/wp-json\/wp\/v2\/pages\/7?add-to-cart=2142\" aria-label=\"Add to cart: \u201cMembresia trimestral\u201d\" data-quantity=\"1\" data-product_id=\"2142\" data-product_sku=\"\" data-price=\"132000\" rel=\"nofollow\" class=\"wp-block-button__link  add_to_cart_button ajax_add_to_cart\" data-no-translation=\"\" data-trp-gettext=\"\" data-no-translation-aria-label=\"\">Add to cart<\/a><\/div>\n\t\t\t<\/li><li class=\"wc-block-grid__product\">\n\t\t\t\t<a href=\"https:\/\/mindfulnessycompasion.com.ar\/en\/product\/membresia-plan-anual-2\/\" class=\"wc-block-grid__product-link\">\n\t\t\t\t\t\n\t\t\t\t\t<div class=\"wc-block-grid__product-image\"><img decoding=\"async\" width=\"300\" height=\"300\" src=\"https:\/\/mindfulnessycompasion.com.ar\/wp-content\/uploads\/2025\/10\/plan-anual-300x300.png\" class=\"attachment-woocommerce_thumbnail size-woocommerce_thumbnail\" alt=\"Membresia Plan Anual\" srcset=\"https:\/\/mindfulnessycompasion.com.ar\/wp-content\/uploads\/2025\/10\/plan-anual-300x300.png 300w, https:\/\/mindfulnessycompasion.com.ar\/wp-content\/uploads\/2025\/10\/plan-anual-150x150.png 150w, https:\/\/mindfulnessycompasion.com.ar\/wp-content\/uploads\/2025\/10\/plan-anual-12x12.png 12w, https:\/\/mindfulnessycompasion.com.ar\/wp-content\/uploads\/2025\/10\/plan-anual-100x100.png 100w\" sizes=\"(max-width: 300px) 100vw, 300px\" \/><\/div>\n\t\t\t\t\t<div class=\"wc-block-grid__product-title\">Membresia Plan Anual<\/div>\n\t\t\t\t<\/a>\n\t\t\t\t<div class=\"wc-block-grid__product-price price\"><span class=\"woocommerce-Price-amount amount\"><span class=\"woocommerce-Price-currencySymbol\">$<\/span>400.000<\/span><\/div>\n\t\t\t\t\n\t\t\t\t<div class=\"wp-block-button wc-block-grid__product-add-to-cart\"><a href=\"\/en\/wp-json\/wp\/v2\/pages\/7?add-to-cart=547\" aria-label=\"Add to cart: \u201cMembresia Plan Anual\u201d\" data-quantity=\"1\" data-product_id=\"547\" data-product_sku=\"\" data-price=\"400000\" rel=\"nofollow\" class=\"wp-block-button__link  add_to_cart_button ajax_add_to_cart\" data-no-translation=\"\" data-trp-gettext=\"\" data-no-translation-aria-label=\"\">Add to cart<\/a><\/div>\n\t\t\t<\/li><li class=\"wc-block-grid__product\">\n\t\t\t\t<a href=\"https:\/\/mindfulnessycompasion.com.ar\/en\/product\/membresia-plan-semestral\/\" class=\"wc-block-grid__product-link\">\n\t\t\t\t\t\n\t\t\t\t\t<div class=\"wc-block-grid__product-image\"><img decoding=\"async\" width=\"300\" height=\"300\" src=\"https:\/\/mindfulnessycompasion.com.ar\/wp-content\/uploads\/2025\/10\/plan-semestral-300x300.png\" class=\"attachment-woocommerce_thumbnail size-woocommerce_thumbnail\" alt=\"Membresia Plan Semestral\" srcset=\"https:\/\/mindfulnessycompasion.com.ar\/wp-content\/uploads\/2025\/10\/plan-semestral-300x300.png 300w, https:\/\/mindfulnessycompasion.com.ar\/wp-content\/uploads\/2025\/10\/plan-semestral-150x150.png 150w, https:\/\/mindfulnessycompasion.com.ar\/wp-content\/uploads\/2025\/10\/plan-semestral-12x12.png 12w, https:\/\/mindfulnessycompasion.com.ar\/wp-content\/uploads\/2025\/10\/plan-semestral-100x100.png 100w\" sizes=\"(max-width: 300px) 100vw, 300px\" \/><\/div>\n\t\t\t\t\t<div class=\"wc-block-grid__product-title\">Membresia Plan Semestral<\/div>\n\t\t\t\t<\/a>\n\t\t\t\t<div class=\"wc-block-grid__product-price price\"><span class=\"woocommerce-Price-amount amount\"><span class=\"woocommerce-Price-currencySymbol\">$<\/span>220.000<\/span><\/div>\n\t\t\t\t\n\t\t\t\t<div class=\"wp-block-button wc-block-grid__product-add-to-cart\"><a href=\"\/en\/wp-json\/wp\/v2\/pages\/7?add-to-cart=545\" aria-label=\"Add to cart: \u201cMembresia Plan Semestral\u201d\" data-quantity=\"1\" data-product_id=\"545\" data-product_sku=\"\" data-price=\"220000\" rel=\"nofollow\" class=\"wp-block-button__link  add_to_cart_button ajax_add_to_cart\" data-no-translation=\"\" data-trp-gettext=\"\" data-no-translation-aria-label=\"\">Add to cart<\/a><\/div>\n\t\t\t<\/li><li class=\"wc-block-grid__product\">\n\t\t\t\t<a href=\"https:\/\/mindfulnessycompasion.com.ar\/en\/product\/crianza-consciente-guia-practica-de-mindfulness-y-compasion\/\" class=\"wc-block-grid__product-link\">\n\t\t\t\t\t\n\t\t\t\t\t<div class=\"wc-block-grid__product-image\"><img loading=\"lazy\" decoding=\"async\" width=\"300\" height=\"300\" src=\"https:\/\/mindfulnessycompasion.com.ar\/wp-content\/uploads\/2025\/10\/libro-300x300.png\" class=\"attachment-woocommerce_thumbnail size-woocommerce_thumbnail\" alt=\"Crianza consciente: gu\u00eda pr\u00e1ctica de mindfulness y compasi\u00f3n\" srcset=\"https:\/\/mindfulnessycompasion.com.ar\/wp-content\/uploads\/2025\/10\/libro-300x300.png 300w, https:\/\/mindfulnessycompasion.com.ar\/wp-content\/uploads\/2025\/10\/libro-150x150.png 150w, https:\/\/mindfulnessycompasion.com.ar\/wp-content\/uploads\/2025\/10\/libro-100x100.png 100w\" sizes=\"(max-width: 300px) 100vw, 300px\" \/><\/div>\n\t\t\t\t\t<div class=\"wc-block-grid__product-title\">Crianza consciente: gu\u00eda pr\u00e1ctica de mindfulness y compasi\u00f3n<\/div>\n\t\t\t\t<\/a>\n\t\t\t\t<div class=\"wc-block-grid__product-price price\"><span class=\"woocommerce-Price-amount amount\"><span class=\"woocommerce-Price-currencySymbol\">$<\/span>25.000<\/span><\/div>\n\t\t\t\t\n\t\t\t\t<div class=\"wp-block-button wc-block-grid__product-add-to-cart\"><a href=\"https:\/\/mindfulnessycompasion.com.ar\/en\/product\/crianza-consciente-guia-practica-de-mindfulness-y-compasion\/\" aria-label=\"Read more about \u201cCrianza consciente: gu\u00eda pr\u00e1ctica de mindfulness y compasi\u00f3n\u201d\" data-quantity=\"1\" data-product_id=\"381\" data-product_sku=\"libromc\" data-price=\"25000\" rel=\"nofollow\" class=\"wp-block-button__link  add_to_cart_button\" data-no-translation=\"\" data-trp-gettext=\"\" data-no-translation-aria-label=\"\">Read more<\/a><\/div>\n\t\t\t<\/li><\/ul><\/div><\/div>\n<\/div>","protected":false},"excerpt":{"rendered":"","protected":false},"author":1,"featured_media":0,"parent":0,"menu_order":0,"comment_status":"closed","ping_status":"closed","template":"","meta":{"footnotes":""},"class_list":["post-7","page","type-page","status-publish","hentry","entry","owp-thumbs-layout-horizontal","owp-btn-normal","owp-tabs-layout-horizontal","has-no-thumbnails","has-product-nav"],"_links":{"self":[{"href":"https:\/\/mindfulnessycompasion.com.ar\/en\/wp-json\/wp\/v2\/pages\/7","targetHints":{"allow":["GET"]}}],"collection":[{"href":"https:\/\/mindfulnessycompasion.com.ar\/en\/wp-json\/wp\/v2\/pages"}],"about":[{"href":"https:\/\/mindfulnessycompasion.com.ar\/en\/wp-json\/wp\/v2\/types\/page"}],"author":[{"embeddable":true,"href":"https:\/\/mindfulnessycompasion.com.ar\/en\/wp-json\/wp\/v2\/users\/1"}],"replies":[{"embeddable":true,"href":"https:\/\/mindfulnessycompasion.com.ar\/en\/wp-json\/wp\/v2\/comments?post=7"}],"version-history":[{"count":2,"href":"https:\/\/mindfulnessycompasion.com.ar\/en\/wp-json\/wp\/v2\/pages\/7\/revisions"}],"predecessor-version":[{"id":1334,"href":"https:\/\/mindfulnessycompasion.com.ar\/en\/wp-json\/wp\/v2\/pages\/7\/revisions\/1334"}],"wp:attachment":[{"href":"https:\/\/mindfulnessycompasion.com.ar\/en\/wp-json\/wp\/v2\/media?parent=7"}],"curies":[{"name":"wp","href":"https:\/\/api.w.org\/{rel}","templated":true}]}}