{"id":381,"date":"2025-10-22T16:36:50","date_gmt":"2025-10-22T16:36:50","guid":{"rendered":"https:\/\/mindfulnessycompasion.com.ar\/?post_type=product&#038;p=381"},"modified":"2025-12-12T19:24:00","modified_gmt":"2025-12-12T22:24:00","slug":"crianza-consciente-guia-practica-de-mindfulness-y-compasion","status":"publish","type":"product","link":"https:\/\/mindfulnessycompasion.com.ar\/en\/product\/crianza-consciente-guia-practica-de-mindfulness-y-compasion\/","title":{"rendered":"Crianza consciente: gu\u00eda pr\u00e1ctica de mindfulness y compasi\u00f3n"},"content":{"rendered":"<p class=\"has-text-color has-link-color wp-elements-ca30448dc3ebf3e1123595f02d2cd39b\">\u00abCrianza Consciente. Gu\u00eda Pr\u00e1ctica de Mindfulness y Compasi\u00f3n\u00bb te ofrece un camino transformador para convertirte en la persona cuidadora que siempre has so\u00f1ado ser. A trav\u00e9s de ejercicios pr\u00e1cticos, ejemplos cotidianos y actividades reflexivas, podr\u00e1s cultivar la atenci\u00f3n plena, la compasi\u00f3n y la autocompasi\u00f3n en tu vida familiar, creando un ambiente presente y lleno de amor.<\/p>","protected":false},"excerpt":{"rendered":"<p>Un libro pensado para madres y padres, cuidadores y profesionales que buscan\u00a0 aplicar la atenci\u00f3n plena y la compasi\u00f3n en la crianza.<\/p>","protected":false},"featured_media":33,"template":"","meta":[],"product_brand":[],"product_cat":[17],"product_tag":[],"class_list":{"0":"post-381","1":"product","2":"type-product","3":"status-publish","4":"has-post-thumbnail","6":"product_cat-libro","8":"entry","9":"has-media","11":"first","12":"outofstock","13":"shipping-taxable","14":"purchasable","15":"product-type-simple","16":"has-product-nav","17":"col","18":"span_1_of_3","19":"owp-content-center","20":"owp-thumbs-layout-horizontal","21":"owp-btn-normal","22":"owp-tabs-layout-horizontal","23":"has-no-thumbnails"},"_links":{"self":[{"href":"https:\/\/mindfulnessycompasion.com.ar\/en\/wp-json\/wp\/v2\/product\/381","targetHints":{"allow":["GET"]}}],"collection":[{"href":"https:\/\/mindfulnessycompasion.com.ar\/en\/wp-json\/wp\/v2\/product"}],"about":[{"href":"https:\/\/mindfulnessycompasion.com.ar\/en\/wp-json\/wp\/v2\/types\/product"}],"version-history":[{"count":1,"href":"https:\/\/mindfulnessycompasion.com.ar\/en\/wp-json\/wp\/v2\/product\/381\/revisions"}],"predecessor-version":[{"id":1648,"href":"https:\/\/mindfulnessycompasion.com.ar\/en\/wp-json\/wp\/v2\/product\/381\/revisions\/1648"}],"wp:featuredmedia":[{"embeddable":true,"href":"https:\/\/mindfulnessycompasion.com.ar\/en\/wp-json\/wp\/v2\/media\/33"}],"wp:attachment":[{"href":"https:\/\/mindfulnessycompasion.com.ar\/en\/wp-json\/wp\/v2\/media?parent=381"}],"wp:term":[{"taxonomy":"product_brand","embeddable":true,"href":"https:\/\/mindfulnessycompasion.com.ar\/en\/wp-json\/wp\/v2\/product_brand?post=381"},{"taxonomy":"product_cat","embeddable":true,"href":"https:\/\/mindfulnessycompasion.com.ar\/en\/wp-json\/wp\/v2\/product_cat?post=381"},{"taxonomy":"product_tag","embeddable":true,"href":"https:\/\/mindfulnessycompasion.com.ar\/en\/wp-json\/wp\/v2\/product_tag?post=381"}],"curies":[{"name":"wp","href":"https:\/\/api.w.org\/{rel}","templated":true}]}}