{"id":545,"date":"2025-10-24T00:19:31","date_gmt":"2025-10-24T00:19:31","guid":{"rendered":"https:\/\/mindfulnessycompasion.com.ar\/?post_type=product&#038;p=545"},"modified":"2026-02-08T11:45:39","modified_gmt":"2026-02-08T14:45:39","slug":"membresia-plan-semestral","status":"publish","type":"product","link":"https:\/\/mindfulnessycompasion.com.ar\/en\/product\/membresia-plan-semestral\/","title":{"rendered":"Membresia Plan Semestral"},"content":{"rendered":"<h3>Membres\u00eda Comunidad Compasiva<\/h3>\n<p>Pr\u00e1ctica acompa\u00f1ada con ritmo amable.<br \/>\nCada mes: Encuentro en vivo (clase tem\u00e1tica + ejercicios compasivos en comunidad), m\u00e1s meditaci\u00f3n, cuaderno y Q&amp;A.<br \/>\nNo acumulamos recursos sin sentido: todo est\u00e1 dise\u00f1ado para integrarlo en lo cotidiano.<\/p>\n<p>C\u00e1psulas breves: Autocr\u00edtica, Mindfulness, Autocompasi\u00f3n, Amor propio, Relaciones, Ansiedad,<br \/>\nAutocuidado, L\u00edmites con compasi\u00f3n (compasi\u00f3n feroz), Vida con sentido, Mitos.<\/p>\n<p>Acceso inmediato en todos lo planes, desde el d\u00eda 1, ya ten\u00e9s 2 rutas para empezar o retomar tu pr\u00e1ctica.<\/p>\n<ul>\n<li>Curso incluido \u2013 Mindfulness para Reconectar con tu vida (7 pasos): on\u2011demand, 10\u201315 min por paso<\/li>\n<li>Curso \u2013 Introducci\u00f3n a la Autocompasi\u00f3n.<\/li>\n<\/ul>","protected":false},"excerpt":{"rendered":"<p>Suscribite ahora y paga 5 meses al precio de 6.<\/p>\n<ul>\n<li>Acceso a la comunidad de pr\u00e1ctica 6 meses<\/li>\n<li>Mas terclass en vivo<\/li>\n<li>Acceso a biblioteca hist\u00f3rica desde que inicio la membresia<\/li>\n<li>y mucho mas\u2026<\/li>\n<\/ul>","protected":false},"featured_media":546,"template":"","meta":[],"product_brand":[],"product_cat":[18],"product_tag":[56,54,55],"class_list":{"0":"post-545","1":"product","2":"type-product","3":"status-publish","4":"has-post-thumbnail","6":"product_cat-membresia","7":"product_tag-autocompasion","8":"product_tag-comunidad-compasiva","9":"product_tag-mindfulness","11":"entry","12":"has-media","14":"first","15":"instock","16":"downloadable","17":"virtual","18":"purchasable","19":"product-type-simple","20":"has-product-nav","21":"col","22":"span_1_of_3","23":"owp-content-center","24":"owp-thumbs-layout-horizontal","25":"owp-btn-normal","26":"owp-tabs-layout-horizontal","27":"has-no-thumbnails"},"_links":{"self":[{"href":"https:\/\/mindfulnessycompasion.com.ar\/en\/wp-json\/wp\/v2\/product\/545","targetHints":{"allow":["GET"]}}],"collection":[{"href":"https:\/\/mindfulnessycompasion.com.ar\/en\/wp-json\/wp\/v2\/product"}],"about":[{"href":"https:\/\/mindfulnessycompasion.com.ar\/en\/wp-json\/wp\/v2\/types\/product"}],"version-history":[{"count":3,"href":"https:\/\/mindfulnessycompasion.com.ar\/en\/wp-json\/wp\/v2\/product\/545\/revisions"}],"predecessor-version":[{"id":2137,"href":"https:\/\/mindfulnessycompasion.com.ar\/en\/wp-json\/wp\/v2\/product\/545\/revisions\/2137"}],"wp:featuredmedia":[{"embeddable":true,"href":"https:\/\/mindfulnessycompasion.com.ar\/en\/wp-json\/wp\/v2\/media\/546"}],"wp:attachment":[{"href":"https:\/\/mindfulnessycompasion.com.ar\/en\/wp-json\/wp\/v2\/media?parent=545"}],"wp:term":[{"taxonomy":"product_brand","embeddable":true,"href":"https:\/\/mindfulnessycompasion.com.ar\/en\/wp-json\/wp\/v2\/product_brand?post=545"},{"taxonomy":"product_cat","embeddable":true,"href":"https:\/\/mindfulnessycompasion.com.ar\/en\/wp-json\/wp\/v2\/product_cat?post=545"},{"taxonomy":"product_tag","embeddable":true,"href":"https:\/\/mindfulnessycompasion.com.ar\/en\/wp-json\/wp\/v2\/product_tag?post=545"}],"curies":[{"name":"wp","href":"https:\/\/api.w.org\/{rel}","templated":true}]}}